{"id":832,"date":"2022-09-30T20:32:18","date_gmt":"2022-09-30T18:32:18","guid":{"rendered":"http:\/\/mitrateatro.com\/?page_id=832"},"modified":"2024-04-28T12:01:47","modified_gmt":"2024-04-28T10:01:47","slug":"pluto","status":"publish","type":"page","link":"https:\/\/mitrateatro.com\/?page_id=832","title":{"rendered":"Pluto"},"content":{"rendered":"\t\t<div data-elementor-type=\"wp-page\" data-elementor-id=\"832\" class=\"elementor elementor-832\">\n\t\t\t\t\t\t<section class=\"elementor-section elementor-top-section elementor-element elementor-element-bd3b9a0 elementor-section-full_width elementor-section-height-min-height elementor-section-height-default elementor-section-items-middle wpr-particle-no wpr-jarallax-no wpr-parallax-no wpr-sticky-section-no wpr-equal-height-no\" data-id=\"bd3b9a0\" data-element_type=\"section\" data-settings=\"{&quot;background_background&quot;:&quot;classic&quot;}\">\n\t\t\t\t\t\t\t<div class=\"elementor-background-overlay\"><\/div>\n\t\t\t\t\t\t\t<div class=\"elementor-container elementor-column-gap-default\">\n\t\t\t\t\t<div class=\"elementor-column elementor-col-100 elementor-top-column elementor-element elementor-element-0c79b09\" data-id=\"0c79b09\" data-element_type=\"column\">\n\t\t\t<div class=\"elementor-widget-wrap elementor-element-populated\">\n\t\t\t\t\t\t<div class=\"elementor-element elementor-element-7675dec elementor-widget elementor-widget-heading\" data-id=\"7675dec\" data-element_type=\"widget\" data-widget_type=\"heading.default\">\n\t\t\t\t<div class=\"elementor-widget-container\">\n\t\t\t\t\t<h1 class=\"elementor-heading-title elementor-size-default\">Pluto, una adaptaci\u00f3n de arist\u00f3fanes<\/h1>\t\t\t\t<\/div>\n\t\t\t\t<\/div>\n\t\t\t\t\t<\/div>\n\t\t<\/div>\n\t\t\t\t\t<\/div>\n\t\t<\/section>\n\t\t\t\t<section class=\"elementor-section elementor-top-section elementor-element elementor-element-697ab79 elementor-section-boxed elementor-section-height-default elementor-section-height-default wpr-particle-no wpr-jarallax-no wpr-parallax-no wpr-sticky-section-no wpr-equal-height-no\" data-id=\"697ab79\" data-element_type=\"section\">\n\t\t\t\t\t\t<div class=\"elementor-container elementor-column-gap-default\">\n\t\t\t\t\t<div class=\"elementor-column elementor-col-50 elementor-top-column elementor-element elementor-element-eb829ba\" data-id=\"eb829ba\" data-element_type=\"column\">\n\t\t\t<div class=\"elementor-widget-wrap elementor-element-populated\">\n\t\t\t\t\t\t<div class=\"elementor-element elementor-element-cdd6e0c elementor-drop-cap-yes elementor-drop-cap-view-default elementor-widget elementor-widget-text-editor\" data-id=\"cdd6e0c\" data-element_type=\"widget\" data-settings=\"{&quot;drop_cap&quot;:&quot;yes&quot;}\" data-widget_type=\"text-editor.default\">\n\t\t\t\t<div class=\"elementor-widget-container\">\n\t\t\t\t\t\t\t\t\t<p class=\"MsoNormal\">P<i>luto<\/i> es la \u00faltima comedia conservada de Arist\u00f3fanes. Aunque no se la m\u00e1s perfecta ni la m\u00e1s conocida de sus obras, maneja un tema atemporal: la riqueza no beneficia al m\u00e1s justo, sino al que menos escr\u00fapulos tiene. Frente a la realidad desoladora que vive, con especuladores, sicofantes y demagogos enriqueci\u00e9ndose, el poeta imagina un mundo en el que el dinero se reparte moralmente.<\/p><p class=\"MsoNormal\">Nuestro <i>Pluto <\/i>no es una pieza de historicismo edulcorado, sino una traslaci\u00f3n de la situaciones imaginadas de Arist\u00f3fanes al mundo actual. Quiz\u00e1s el texto no sea el original, quiz\u00e1s las ideas tampoco: nuestro <i>Pluto <\/i>va m\u00e1s all\u00e1. Es un llamamiento a recuperar la esencia de la comedia griega: lo subversivo, lo grotesco, la referencia pol\u00edtica y la cr\u00edtica al mundo contempor\u00e1neo.<\/p>\t\t\t\t\t\t\t\t<\/div>\n\t\t\t\t<\/div>\n\t\t\t\t<div class=\"elementor-element elementor-element-2e1959e elementor-widget-divider--view-line elementor-widget elementor-widget-divider\" data-id=\"2e1959e\" data-element_type=\"widget\" data-widget_type=\"divider.default\">\n\t\t\t\t<div class=\"elementor-widget-container\">\n\t\t\t\t\t\t\t<div class=\"elementor-divider\">\n\t\t\t<span class=\"elementor-divider-separator\">\n\t\t\t\t\t\t<\/span>\n\t\t<\/div>\n\t\t\t\t\t\t<\/div>\n\t\t\t\t<\/div>\n\t\t\t\t<div class=\"elementor-element elementor-element-e4682bb elementor-widget elementor-widget-heading\" data-id=\"e4682bb\" data-element_type=\"widget\" data-widget_type=\"heading.default\">\n\t\t\t\t<div class=\"elementor-widget-container\">\n\t\t\t\t\t<h4 class=\"elementor-heading-title elementor-size-default\">Ficha art\u00edstica<\/h4>\t\t\t\t<\/div>\n\t\t\t\t<\/div>\n\t\t\t\t<div class=\"elementor-element elementor-element-17f0beb elementor-widget elementor-widget-text-editor\" data-id=\"17f0beb\" data-element_type=\"widget\" data-widget_type=\"text-editor.default\">\n\t\t\t\t<div class=\"elementor-widget-container\">\n\t\t\t\t\t\t\t\t\t<p style=\"line-height: normal; background-image: initial; background-position: initial; background-size: initial; background-repeat: initial; background-attachment: initial; background-origin: initial; background-clip: initial;\"><span style=\"font-size: 12.0pt; font-family: 'Arial',sans-serif; mso-fareast-font-family: 'Times New Roman'; color: white; mso-fareast-language: ES;\">Direcci\u00f3n y texto: H\u00e9ctor Gonz\u00e1lez<\/span><\/p>\n<p style=\"line-height: normal; background-image: initial; background-position: initial; background-size: initial; background-repeat: initial; background-attachment: initial; background-origin: initial; background-clip: initial;\"><span style=\"color: white; font-family: Arial, sans-serif; font-size: 12pt; font-weight: var( --e-global-typography-text-font-weight );\">Int\u00e9rpretes: Claudia Villal\u00f3n, Mayla Tapia, Jaro Rensch, Celia Ganado, Marta de Haro, Alejandro Castillo, Jorge Buenestado<\/span><\/p>\n<p style=\"line-height: normal; background-image: initial; background-position: initial; background-size: initial; background-repeat: initial; background-attachment: initial; background-origin: initial; background-clip: initial;\"><span style=\"color: white; font-size: 12pt; font-family: var( --e-global-typography-secondary-font-family ), Sans-serif; font-weight: var( --e-global-typography-secondary-font-weight );\">Vestuario y escenograf\u00eda: H\u00e9ctor Gonz\u00e1lez<\/span><\/p>\n<p style=\"line-height: normal; background-image: initial; background-position: initial; background-size: initial; background-repeat: initial; background-attachment: initial; background-origin: initial; background-clip: initial;\"><span style=\"color: white; font-size: 12pt; font-family: var( --e-global-typography-secondary-font-family ), Sans-serif; font-weight: var( --e-global-typography-secondary-font-weight );\">Agradecimientos: Markel Hern\u00e1ndez<\/span><\/p><p style=\"line-height: normal; background-image: initial; background-position: initial; background-size: initial; background-repeat: initial; background-attachment: initial; background-origin: initial; background-clip: initial;\"><span style=\"color: white; font-size: 12pt; font-family: var( --e-global-typography-secondary-font-family ), Sans-serif; font-weight: var( --e-global-typography-secondary-font-weight );\">Producido con la ayuda de la Universidad de Granada. Premio Alumni 2021.<\/span><\/p>\t\t\t\t\t\t\t\t<\/div>\n\t\t\t\t<\/div>\n\t\t\t\t\t<\/div>\n\t\t<\/div>\n\t\t\t\t<div class=\"elementor-column elementor-col-50 elementor-top-column elementor-element elementor-element-e9912bc\" data-id=\"e9912bc\" data-element_type=\"column\">\n\t\t\t<div class=\"elementor-widget-wrap elementor-element-populated\">\n\t\t\t\t\t\t<div class=\"elementor-element elementor-element-f5f1c9f elementor-widget elementor-widget-image\" data-id=\"f5f1c9f\" data-element_type=\"widget\" data-widget_type=\"image.default\">\n\t\t\t\t<div class=\"elementor-widget-container\">\n\t\t\t\t\t\t\t\t\t\t\t\t\t\t\t<img decoding=\"async\" src=\"https:\/\/mitrateatro.com\/wp-content\/uploads\/2022\/09\/provisional-tachado.png\" title=\"provisional tachado\" alt=\"provisional tachado\" loading=\"lazy\" \/>\t\t\t\t\t\t\t\t\t\t\t\t\t\t\t<\/div>\n\t\t\t\t<\/div>\n\t\t\t\t\t<\/div>\n\t\t<\/div>\n\t\t\t\t\t<\/div>\n\t\t<\/section>\n\t\t\t\t<section class=\"elementor-section elementor-top-section elementor-element elementor-element-72e564a elementor-section-boxed elementor-section-height-default elementor-section-height-default wpr-particle-no wpr-jarallax-no wpr-parallax-no wpr-sticky-section-no wpr-equal-height-no\" data-id=\"72e564a\" data-element_type=\"section\" data-settings=\"{&quot;background_background&quot;:&quot;classic&quot;}\">\n\t\t\t\t\t\t<div class=\"elementor-container elementor-column-gap-default\">\n\t\t\t\t\t<div class=\"elementor-column elementor-col-100 elementor-top-column elementor-element elementor-element-d17302c\" data-id=\"d17302c\" data-element_type=\"column\">\n\t\t\t<div class=\"elementor-widget-wrap elementor-element-populated\">\n\t\t\t\t\t\t<div class=\"elementor-element elementor-element-ab755f0 elementor-widget elementor-widget-heading\" data-id=\"ab755f0\" data-element_type=\"widget\" data-widget_type=\"heading.default\">\n\t\t\t\t<div class=\"elementor-widget-container\">\n\t\t\t\t\t<h1 class=\"elementor-heading-title elementor-size-default\">Tr\u00e1iler<\/h1>\t\t\t\t<\/div>\n\t\t\t\t<\/div>\n\t\t\t\t\t<\/div>\n\t\t<\/div>\n\t\t\t\t\t<\/div>\n\t\t<\/section>\n\t\t\t\t<section class=\"elementor-section elementor-top-section elementor-element elementor-element-ee96737 elementor-section-boxed elementor-section-height-default elementor-section-height-default wpr-particle-no wpr-jarallax-no wpr-parallax-no wpr-sticky-section-no wpr-equal-height-no\" data-id=\"ee96737\" data-element_type=\"section\">\n\t\t\t\t\t\t<div class=\"elementor-container elementor-column-gap-default\">\n\t\t\t\t\t<div class=\"elementor-column elementor-col-100 elementor-top-column elementor-element elementor-element-6bd20a5\" data-id=\"6bd20a5\" data-element_type=\"column\">\n\t\t\t<div class=\"elementor-widget-wrap elementor-element-populated\">\n\t\t\t\t\t\t<div class=\"elementor-element elementor-element-4157aa5 elementor-widget elementor-widget-video\" data-id=\"4157aa5\" data-element_type=\"widget\" data-settings=\"{&quot;youtube_url&quot;:&quot;https:\\\/\\\/www.youtube.com\\\/watch?v=dUSxN3JPnpg&amp;t=2s&amp;ab_channel=MitraTeatro&quot;,&quot;video_type&quot;:&quot;youtube&quot;,&quot;controls&quot;:&quot;yes&quot;}\" data-widget_type=\"video.default\">\n\t\t\t\t<div class=\"elementor-widget-container\">\n\t\t\t\t\t\t\t<div class=\"elementor-wrapper elementor-open-inline\">\n\t\t\t<div class=\"elementor-video\"><\/div>\t\t<\/div>\n\t\t\t\t\t\t<\/div>\n\t\t\t\t<\/div>\n\t\t\t\t\t<\/div>\n\t\t<\/div>\n\t\t\t\t\t<\/div>\n\t\t<\/section>\n\t\t\t\t<section class=\"elementor-section elementor-top-section elementor-element elementor-element-aa80e57 elementor-section-boxed elementor-section-height-default elementor-section-height-default wpr-particle-no wpr-jarallax-no wpr-parallax-no wpr-sticky-section-no wpr-equal-height-no\" data-id=\"aa80e57\" data-element_type=\"section\" data-settings=\"{&quot;background_background&quot;:&quot;classic&quot;}\">\n\t\t\t\t\t\t<div class=\"elementor-container elementor-column-gap-default\">\n\t\t\t\t\t<div class=\"elementor-column elementor-col-100 elementor-top-column elementor-element elementor-element-376b74e\" data-id=\"376b74e\" data-element_type=\"column\">\n\t\t\t<div class=\"elementor-widget-wrap elementor-element-populated\">\n\t\t\t\t\t\t<div class=\"elementor-element elementor-element-e10a383 elementor-widget elementor-widget-heading\" data-id=\"e10a383\" data-element_type=\"widget\" data-widget_type=\"heading.default\">\n\t\t\t\t<div class=\"elementor-widget-container\">\n\t\t\t\t\t<h1 class=\"elementor-heading-title elementor-size-default\">Galer\u00eda de im\u00e1genes<\/h1>\t\t\t\t<\/div>\n\t\t\t\t<\/div>\n\t\t\t\t\t<\/div>\n\t\t<\/div>\n\t\t\t\t\t<\/div>\n\t\t<\/section>\n\t\t\t\t<section class=\"elementor-section elementor-top-section elementor-element elementor-element-0165bf0 elementor-section-boxed elementor-section-height-default elementor-section-height-default wpr-particle-no wpr-jarallax-no wpr-parallax-no wpr-sticky-section-no wpr-equal-height-no\" data-id=\"0165bf0\" data-element_type=\"section\">\n\t\t\t\t\t\t<div class=\"elementor-container elementor-column-gap-default\">\n\t\t\t\t\t<div class=\"elementor-column elementor-col-100 elementor-top-column elementor-element elementor-element-c29f83a\" data-id=\"c29f83a\" data-element_type=\"column\">\n\t\t\t<div class=\"elementor-widget-wrap elementor-element-populated\">\n\t\t\t\t\t\t<div class=\"elementor-element elementor-element-ecd6963 elementor-widget elementor-widget-foogallery\" data-id=\"ecd6963\" data-element_type=\"widget\" data-widget_type=\"foogallery.default\">\n\t\t\t\t<div class=\"elementor-widget-container\">\n\t\t\t\t\t<style type=\"text\/css\">\n#foogallery-gallery-777.fg-justified .fg-item { margin-right: 2px; margin-bottom: 2px; }\n#foogallery-gallery-777.fg-justified .fg-image { height: 300px; }<\/style>\n\t\t\t<div class=\"foogallery foogallery-container foogallery-justified foogallery-lightbox-none fg-justified fg-ready fg-light fg-loading-pulse fg-loaded-slide-up fg-caption-always fg-hover-fade\" id=\"foogallery-gallery-777\" data-foogallery=\"{&quot;item&quot;:{&quot;showCaptionTitle&quot;:true,&quot;showCaptionDescription&quot;:false},&quot;lazy&quot;:true,&quot;template&quot;:{&quot;rowHeight&quot;:300,&quot;maxRowHeight&quot;:500,&quot;margins&quot;:2,&quot;align&quot;:&quot;center&quot;,&quot;lastRow&quot;:&quot;smart&quot;}}\" style=\"--fg-title-line-clamp: 0; --fg-description-line-clamp: 0;\" >\n\t<div class=\"fg-item fg-type-image fg-idle\"><figure class=\"fg-item-inner\"><a href=\"https:\/\/mitrateatro.com\/wp-content\/uploads\/2022\/09\/IMG_5094-scaled-e1664560402394.jpg\" data-attachment-id=\"70\" data-e-disable-page-transition=\"true\" data-type=\"image\" class=\"fg-thumb\"><span class=\"fg-image-wrap\"><img fetchpriority=\"high\" decoding=\"async\" height=\"500\" width=\"769\" class=\"skip-lazy fg-image\" data-src-fg=\"https:\/\/mitrateatro.com\/wp-content\/uploads\/2022\/09\/IMG_5094-scaled-e1664560402394.jpg\" src=\"data:image\/svg+xml,%3Csvg%20xmlns%3D%22http%3A%2F%2Fwww.w3.org%2F2000%2Fsvg%22%20width%3D%22769%22%20height%3D%22500%22%20viewBox%3D%220%200%20769%20500%22%3E%3C%2Fsvg%3E\" loading=\"eager\"><\/span><span class=\"fg-image-overlay\"><\/span><\/a><\/figure><div class=\"fg-loader\"><\/div><\/div><div class=\"fg-item fg-type-image fg-idle\"><figure class=\"fg-item-inner\"><a href=\"https:\/\/mitrateatro.com\/wp-content\/uploads\/2022\/09\/IMG_4993-scaled-e1664560531287.jpg\" data-attachment-id=\"781\" data-e-disable-page-transition=\"true\" data-type=\"image\" class=\"fg-thumb\"><span class=\"fg-image-wrap\"><img decoding=\"async\" height=\"500\" width=\"617\" class=\"skip-lazy fg-image\" data-src-fg=\"https:\/\/mitrateatro.com\/wp-content\/uploads\/2022\/09\/IMG_4993-scaled-e1664560531287.jpg\" src=\"data:image\/svg+xml,%3Csvg%20xmlns%3D%22http%3A%2F%2Fwww.w3.org%2F2000%2Fsvg%22%20width%3D%22617%22%20height%3D%22500%22%20viewBox%3D%220%200%20617%20500%22%3E%3C%2Fsvg%3E\" loading=\"eager\"><\/span><span class=\"fg-image-overlay\"><\/span><\/a><\/figure><div class=\"fg-loader\"><\/div><\/div><div class=\"fg-item fg-type-image fg-idle\"><figure class=\"fg-item-inner\"><a href=\"https:\/\/mitrateatro.com\/wp-content\/uploads\/2022\/09\/IMG_5251-scaled-e1664560540768.jpg\" data-attachment-id=\"780\" data-e-disable-page-transition=\"true\" data-type=\"image\" class=\"fg-thumb\"><span class=\"fg-image-wrap\"><img decoding=\"async\" height=\"500\" width=\"790\" class=\"skip-lazy fg-image\" data-src-fg=\"https:\/\/mitrateatro.com\/wp-content\/uploads\/2022\/09\/IMG_5251-scaled-e1664560540768.jpg\" src=\"data:image\/svg+xml,%3Csvg%20xmlns%3D%22http%3A%2F%2Fwww.w3.org%2F2000%2Fsvg%22%20width%3D%22790%22%20height%3D%22500%22%20viewBox%3D%220%200%20790%20500%22%3E%3C%2Fsvg%3E\" loading=\"eager\"><\/span><span class=\"fg-image-overlay\"><\/span><\/a><\/figure><div class=\"fg-loader\"><\/div><\/div><div class=\"fg-item fg-type-image fg-idle\"><figure class=\"fg-item-inner\"><a href=\"https:\/\/mitrateatro.com\/wp-content\/uploads\/2022\/09\/IMG_5432-scaled-e1664560385208.jpg\" data-attachment-id=\"778\" data-e-disable-page-transition=\"true\" data-type=\"image\" class=\"fg-thumb\"><span class=\"fg-image-wrap\"><img decoding=\"async\" height=\"500\" width=\"769\" class=\"skip-lazy fg-image\" data-src-fg=\"https:\/\/mitrateatro.com\/wp-content\/uploads\/2022\/09\/IMG_5432-scaled-e1664560385208.jpg\" src=\"data:image\/svg+xml,%3Csvg%20xmlns%3D%22http%3A%2F%2Fwww.w3.org%2F2000%2Fsvg%22%20width%3D%22769%22%20height%3D%22500%22%20viewBox%3D%220%200%20769%20500%22%3E%3C%2Fsvg%3E\" loading=\"eager\"><\/span><span class=\"fg-image-overlay\"><\/span><\/a><\/figure><div class=\"fg-loader\"><\/div><\/div><div class=\"fg-item fg-type-image fg-idle\"><figure class=\"fg-item-inner\"><a href=\"https:\/\/mitrateatro.com\/wp-content\/uploads\/2022\/09\/imagen-e1664458232345.png\" data-attachment-id=\"451\" data-e-disable-page-transition=\"true\" data-type=\"image\" class=\"fg-thumb\"><span class=\"fg-image-wrap\"><img decoding=\"async\" height=\"500\" width=\"1333\" class=\"skip-lazy fg-image\" data-src-fg=\"https:\/\/mitrateatro.com\/wp-content\/uploads\/2022\/09\/imagen-e1664458232345.png\" src=\"data:image\/svg+xml,%3Csvg%20xmlns%3D%22http%3A%2F%2Fwww.w3.org%2F2000%2Fsvg%22%20width%3D%221333%22%20height%3D%22500%22%20viewBox%3D%220%200%201333%20500%22%3E%3C%2Fsvg%3E\" loading=\"eager\"><\/span><span class=\"fg-image-overlay\"><\/span><\/a><\/figure><div class=\"fg-loader\"><\/div><\/div><\/div>\n\t\t\t\t<\/div>\n\t\t\t\t<\/div>\n\t\t\t\t\t<\/div>\n\t\t<\/div>\n\t\t\t\t\t<\/div>\n\t\t<\/section>\n\t\t\t\t<\/div>\n\t\t","protected":false},"excerpt":{"rendered":"<p>Pluto, una adaptaci\u00f3n de arist\u00f3fanes Pluto es la \u00faltima comedia conservada de Arist\u00f3fanes. Aunque no se la m\u00e1s perfecta ni la m\u00e1s conocida de sus obras, maneja un tema atemporal: la riqueza no beneficia al m\u00e1s justo, sino al que menos escr\u00fapulos tiene. Frente a la realidad desoladora que vive, con especuladores, sicofantes y demagogos enriqueci\u00e9ndose, el poeta imagina un mundo en el que el dinero se reparte moralmente. Nuestro Pluto no es una pieza de historicismo edulcorado, sino una traslaci\u00f3n de la situaciones imaginadas de Arist\u00f3fanes al mundo actual. Quiz\u00e1s el texto no sea el original, quiz\u00e1s las ideas tampoco: nuestro Pluto va m\u00e1s all\u00e1. Es un llamamiento a recuperar la esencia de la comedia griega: lo subversivo, lo grotesco, la referencia pol\u00edtica y la cr\u00edtica al mundo contempor\u00e1neo. Ficha art\u00edstica Direcci\u00f3n y texto: H\u00e9ctor Gonz\u00e1lez Int\u00e9rpretes: Claudia Villal\u00f3n, Mayla Tapia, Jaro Rensch, Celia Ganado, Marta de Haro, Alejandro Castillo, Jorge Buenestado Vestuario y escenograf\u00eda: H\u00e9ctor Gonz\u00e1lez Agradecimientos: Markel Hern\u00e1ndez Producido con la ayuda de la Universidad de Granada. Premio Alumni 2021. Tr\u00e1iler Galer\u00eda de im\u00e1genes<\/p>\n","protected":false},"author":1,"featured_media":0,"parent":195,"menu_order":0,"comment_status":"closed","ping_status":"closed","template":"elementor_header_footer","meta":{"footnotes":""},"_links":{"self":[{"href":"https:\/\/mitrateatro.com\/index.php?rest_route=\/wp\/v2\/pages\/832"}],"collection":[{"href":"https:\/\/mitrateatro.com\/index.php?rest_route=\/wp\/v2\/pages"}],"about":[{"href":"https:\/\/mitrateatro.com\/index.php?rest_route=\/wp\/v2\/types\/page"}],"author":[{"embeddable":true,"href":"https:\/\/mitrateatro.com\/index.php?rest_route=\/wp\/v2\/users\/1"}],"replies":[{"embeddable":true,"href":"https:\/\/mitrateatro.com\/index.php?rest_route=%2Fwp%2Fv2%2Fcomments&post=832"}],"version-history":[{"count":13,"href":"https:\/\/mitrateatro.com\/index.php?rest_route=\/wp\/v2\/pages\/832\/revisions"}],"predecessor-version":[{"id":1969,"href":"https:\/\/mitrateatro.com\/index.php?rest_route=\/wp\/v2\/pages\/832\/revisions\/1969"}],"up":[{"embeddable":true,"href":"https:\/\/mitrateatro.com\/index.php?rest_route=\/wp\/v2\/pages\/195"}],"wp:attachment":[{"href":"https:\/\/mitrateatro.com\/index.php?rest_route=%2Fwp%2Fv2%2Fmedia&parent=832"}],"curies":[{"name":"wp","href":"https:\/\/api.w.org\/{rel}","templated":true}]}}