{"id":709,"date":"2022-09-30T00:15:41","date_gmt":"2022-09-29T22:15:41","guid":{"rendered":"http:\/\/mitrateatro.com\/?page_id=709"},"modified":"2024-04-28T12:01:05","modified_gmt":"2024-04-28T10:01:05","slug":"cuerpos-mutados","status":"publish","type":"page","link":"https:\/\/mitrateatro.com\/?page_id=709","title":{"rendered":"Cuerpos mutados"},"content":{"rendered":"\t\t<div data-elementor-type=\"wp-page\" data-elementor-id=\"709\" class=\"elementor elementor-709\">\n\t\t\t\t\t\t<section class=\"elementor-section elementor-top-section elementor-element elementor-element-bd3b9a0 elementor-section-full_width elementor-section-height-min-height elementor-section-height-default elementor-section-items-middle wpr-particle-no wpr-jarallax-no wpr-parallax-no wpr-sticky-section-no wpr-column-slider-no wpr-equal-height-no\" data-id=\"bd3b9a0\" data-element_type=\"section\" data-settings=\"{&quot;background_background&quot;:&quot;classic&quot;}\">\n\t\t\t\t\t\t\t<div class=\"elementor-background-overlay\"><\/div>\n\t\t\t\t\t\t\t<div class=\"elementor-container elementor-column-gap-default\">\n\t\t\t\t\t<div class=\"elementor-column elementor-col-100 elementor-top-column elementor-element elementor-element-0c79b09\" data-id=\"0c79b09\" data-element_type=\"column\">\n\t\t\t<div class=\"elementor-widget-wrap elementor-element-populated\">\n\t\t\t\t\t\t<div class=\"elementor-element elementor-element-7675dec elementor-widget elementor-widget-heading\" data-id=\"7675dec\" data-element_type=\"widget\" data-widget_type=\"heading.default\">\n\t\t\t\t<div class=\"elementor-widget-container\">\n\t\t\t\t\t<h1 class=\"elementor-heading-title elementor-size-default\">Cuerpos mutados<\/h1>\t\t\t\t<\/div>\n\t\t\t\t<\/div>\n\t\t\t\t\t<\/div>\n\t\t<\/div>\n\t\t\t\t\t<\/div>\n\t\t<\/section>\n\t\t\t\t<section class=\"elementor-section elementor-top-section elementor-element elementor-element-697ab79 elementor-section-boxed elementor-section-height-default elementor-section-height-default wpr-particle-no wpr-jarallax-no wpr-parallax-no wpr-sticky-section-no wpr-column-slider-no wpr-equal-height-no\" data-id=\"697ab79\" data-element_type=\"section\">\n\t\t\t\t\t\t<div class=\"elementor-container elementor-column-gap-default\">\n\t\t\t\t\t<div class=\"elementor-column elementor-col-50 elementor-top-column elementor-element elementor-element-eb829ba\" data-id=\"eb829ba\" data-element_type=\"column\">\n\t\t\t<div class=\"elementor-widget-wrap elementor-element-populated\">\n\t\t\t\t\t\t<div class=\"elementor-element elementor-element-cdd6e0c elementor-drop-cap-yes elementor-drop-cap-view-default elementor-widget elementor-widget-text-editor\" data-id=\"cdd6e0c\" data-element_type=\"widget\" data-settings=\"{&quot;drop_cap&quot;:&quot;yes&quot;}\" data-widget_type=\"text-editor.default\">\n\t\t\t\t<div class=\"elementor-widget-container\">\n\t\t\t\t\t\t\t\t\t<p class=\"MsoNormal\">Los humanos somos seres en constante cambio. Seg\u00fan algunos investigadores, los \u00e1tomos de nuestro cuerpo se renuevan completamente cada cinco a\u00f1os. Nuestra materialidad, nunca es estable, no es nuestra esencia, sino la mutaci\u00f3n. Nuestra mentalidad ilustrada nos empuja a fosilizar la condici\u00f3n humana, a construir identidades fijas y cuerpos inalterables. Los antiguos, sin embargo, entendieron mejor que nosotros la naturaleza como un torrente es constante movimiento.<\/p>\n<p class=\"MsoNormal\"><i style=\"color: var( --e-global-color-text ); font-family: var( --e-global-typography-text-font-family ), Sans-serif; font-weight: var( --e-global-typography-text-font-weight ); font-size: 1rem;\">Cuerpos mutados<\/i><span style=\"color: var( --e-global-color-text ); font-family: var( --e-global-typography-text-font-family ), Sans-serif; font-weight: var( --e-global-typography-text-font-weight ); font-size: 1rem;\"> no es un an\u00e1lisis sobre el cambio, sino un tributo a este. La obra nace como una reescritura de <\/span><i style=\"color: var( --e-global-color-text ); font-family: var( --e-global-typography-text-font-family ), Sans-serif; font-weight: var( --e-global-typography-text-font-weight ); font-size: 1rem;\">Las<\/i> <i style=\"color: var( --e-global-color-text ); font-family: var( --e-global-typography-text-font-family ), Sans-serif; font-weight: var( --e-global-typography-text-font-weight ); font-size: 1rem;\">metamorfosis<\/i><span style=\"color: var( --e-global-color-text ); font-family: var( --e-global-typography-text-font-family ), Sans-serif; font-weight: var( --e-global-typography-text-font-weight ); font-size: 1rem;\"> de Ovidio, reinterpretando algunos de sus pasajes desde diferentes lenguajes y ofreciendo una nueva visi\u00f3n, donde la mutaci\u00f3n se abre camino en los cuerpos.<\/span><\/p>\t\t\t\t\t\t\t\t<\/div>\n\t\t\t\t<\/div>\n\t\t\t\t<div class=\"elementor-element elementor-element-2e1959e elementor-widget-divider--view-line elementor-widget elementor-widget-divider\" data-id=\"2e1959e\" data-element_type=\"widget\" data-widget_type=\"divider.default\">\n\t\t\t\t<div class=\"elementor-widget-container\">\n\t\t\t\t\t\t\t<div class=\"elementor-divider\">\n\t\t\t<span class=\"elementor-divider-separator\">\n\t\t\t\t\t\t<\/span>\n\t\t<\/div>\n\t\t\t\t\t\t<\/div>\n\t\t\t\t<\/div>\n\t\t\t\t<div class=\"elementor-element elementor-element-e4682bb elementor-widget elementor-widget-heading\" data-id=\"e4682bb\" data-element_type=\"widget\" data-widget_type=\"heading.default\">\n\t\t\t\t<div class=\"elementor-widget-container\">\n\t\t\t\t\t<h4 class=\"elementor-heading-title elementor-size-default\">Ficha art\u00edstica<\/h4>\t\t\t\t<\/div>\n\t\t\t\t<\/div>\n\t\t\t\t<div class=\"elementor-element elementor-element-17f0beb elementor-widget elementor-widget-text-editor\" data-id=\"17f0beb\" data-element_type=\"widget\" data-widget_type=\"text-editor.default\">\n\t\t\t\t<div class=\"elementor-widget-container\">\n\t\t\t\t\t\t\t\t\t<p style=\"line-height: normal; background-image: initial; background-position: initial; background-size: initial; background-repeat: initial; background-attachment: initial; background-origin: initial; background-clip: initial;\"><span style=\"font-size: 12.0pt; font-family: 'Arial',sans-serif; mso-fareast-font-family: 'Times New Roman'; color: white; mso-fareast-language: ES;\">Direcci\u00f3n: Markel Hern\u00e1ndez<\/span><\/p>\n<p style=\"line-height: normal; background-image: initial; background-position: initial; background-size: initial; background-repeat: initial; background-attachment: initial; background-origin: initial; background-clip: initial;\"><span style=\"color: white; font-family: Arial, sans-serif; font-size: 12pt; font-weight: var( --e-global-typography-text-font-weight );\">Texto y autor\u00eda: Claudia Villal\u00f3n, Julia de la Torre, Mayla Tapia, Paula Salamanca, Matilde Mart\u00ednez, Markel Hern\u00e1ndez, H\u00e9ctor Gonz\u00e1lez, Celia Ganado, Alejandro Castillo<\/span><\/p>\n<p style=\"line-height: normal; background-image: initial; background-position: initial; background-size: initial; background-repeat: initial; background-attachment: initial; background-origin: initial; background-clip: initial;\"><span style=\"color: white; font-size: 12pt; font-family: var( --e-global-typography-secondary-font-family ), Sans-serif; font-weight: var( --e-global-typography-secondary-font-weight );\">Ayudante de direcci\u00f3n y escenograf\u00eda: H\u00e9ctor Gonz\u00e1lez<\/span><\/p>\n<p style=\"line-height: normal; background-image: initial; background-position: initial; background-size: initial; background-repeat: initial; background-attachment: initial; background-origin: initial; background-clip: initial;\"><span style=\"color: white; font-size: 12pt; font-family: var( --e-global-typography-secondary-font-family ), Sans-serif; font-weight: var( --e-global-typography-secondary-font-weight );\">M\u00fasica: Paula Salamanca, Julia de la Torre<\/span><\/p><p style=\"line-height: normal; background-image: initial; background-position: initial; background-size: initial; background-repeat: initial; background-attachment: initial; background-origin: initial; background-clip: initial;\"><span style=\"color: white; font-size: 12pt; font-family: var( --e-global-typography-secondary-font-family ), Sans-serif; font-weight: var( --e-global-typography-secondary-font-weight );\">Producido con ayuda de la Universidad de Granada<\/span><\/p>\t\t\t\t\t\t\t\t<\/div>\n\t\t\t\t<\/div>\n\t\t\t\t\t<\/div>\n\t\t<\/div>\n\t\t\t\t<div class=\"elementor-column elementor-col-50 elementor-top-column elementor-element elementor-element-e9912bc\" data-id=\"e9912bc\" data-element_type=\"column\">\n\t\t\t<div class=\"elementor-widget-wrap elementor-element-populated\">\n\t\t\t\t\t\t<div class=\"elementor-element elementor-element-f5f1c9f elementor-widget elementor-widget-image\" data-id=\"f5f1c9f\" data-element_type=\"widget\" data-widget_type=\"image.default\">\n\t\t\t\t<div class=\"elementor-widget-container\">\n\t\t\t\t\t\t\t\t\t\t\t\t\t\t\t<img decoding=\"async\" src=\"https:\/\/mitrateatro.com\/wp-content\/uploads\/2022\/09\/cartel-sin-fecha.png\" title=\"cartel sin fecha\" alt=\"Cuerpos mutados\" loading=\"lazy\" \/>\t\t\t\t\t\t\t\t\t\t\t\t\t\t\t<\/div>\n\t\t\t\t<\/div>\n\t\t\t\t\t<\/div>\n\t\t<\/div>\n\t\t\t\t\t<\/div>\n\t\t<\/section>\n\t\t\t\t<section class=\"elementor-section elementor-top-section elementor-element elementor-element-aa80e57 elementor-section-boxed elementor-section-height-default elementor-section-height-default wpr-particle-no wpr-jarallax-no wpr-parallax-no wpr-sticky-section-no wpr-column-slider-no wpr-equal-height-no\" data-id=\"aa80e57\" data-element_type=\"section\" data-settings=\"{&quot;background_background&quot;:&quot;classic&quot;}\">\n\t\t\t\t\t\t<div class=\"elementor-container elementor-column-gap-default\">\n\t\t\t\t\t<div class=\"elementor-column elementor-col-100 elementor-top-column elementor-element elementor-element-376b74e\" data-id=\"376b74e\" data-element_type=\"column\">\n\t\t\t<div class=\"elementor-widget-wrap elementor-element-populated\">\n\t\t\t\t\t\t<div class=\"elementor-element elementor-element-e10a383 elementor-widget elementor-widget-heading\" data-id=\"e10a383\" data-element_type=\"widget\" data-widget_type=\"heading.default\">\n\t\t\t\t<div class=\"elementor-widget-container\">\n\t\t\t\t\t<h1 class=\"elementor-heading-title elementor-size-default\">Trailer<\/h1>\t\t\t\t<\/div>\n\t\t\t\t<\/div>\n\t\t\t\t\t<\/div>\n\t\t<\/div>\n\t\t\t\t\t<\/div>\n\t\t<\/section>\n\t\t\t\t<section class=\"elementor-section elementor-top-section elementor-element elementor-element-8557e11 elementor-section-boxed elementor-section-height-default elementor-section-height-default wpr-particle-no wpr-jarallax-no wpr-parallax-no wpr-sticky-section-no wpr-column-slider-no wpr-equal-height-no\" data-id=\"8557e11\" data-element_type=\"section\">\n\t\t\t\t\t\t<div class=\"elementor-container elementor-column-gap-default\">\n\t\t\t\t\t<div class=\"elementor-column elementor-col-100 elementor-top-column elementor-element elementor-element-903ab40\" data-id=\"903ab40\" data-element_type=\"column\">\n\t\t\t<div class=\"elementor-widget-wrap elementor-element-populated\">\n\t\t\t\t\t\t<div class=\"elementor-element elementor-element-a19af4c elementor-widget elementor-widget-video\" data-id=\"a19af4c\" data-element_type=\"widget\" data-settings=\"{&quot;youtube_url&quot;:&quot;https:\\\/\\\/youtu.be\\\/-ejHAiuLbGU&quot;,&quot;video_type&quot;:&quot;youtube&quot;,&quot;controls&quot;:&quot;yes&quot;}\" data-widget_type=\"video.default\">\n\t\t\t\t<div class=\"elementor-widget-container\">\n\t\t\t\t\t\t\t<div class=\"elementor-wrapper elementor-open-inline\">\n\t\t\t<div class=\"elementor-video\"><\/div>\t\t<\/div>\n\t\t\t\t\t\t<\/div>\n\t\t\t\t<\/div>\n\t\t\t\t\t<\/div>\n\t\t<\/div>\n\t\t\t\t\t<\/div>\n\t\t<\/section>\n\t\t\t\t<section class=\"elementor-section elementor-top-section elementor-element elementor-element-3a4b642 elementor-section-boxed elementor-section-height-default elementor-section-height-default wpr-particle-no wpr-jarallax-no wpr-parallax-no wpr-sticky-section-no wpr-column-slider-no wpr-equal-height-no\" data-id=\"3a4b642\" data-element_type=\"section\" data-settings=\"{&quot;background_background&quot;:&quot;classic&quot;}\">\n\t\t\t\t\t\t<div class=\"elementor-container elementor-column-gap-default\">\n\t\t\t\t\t<div class=\"elementor-column elementor-col-100 elementor-top-column elementor-element elementor-element-e0b9e84\" data-id=\"e0b9e84\" data-element_type=\"column\">\n\t\t\t<div class=\"elementor-widget-wrap elementor-element-populated\">\n\t\t\t\t\t\t<div class=\"elementor-element elementor-element-ee1b826 elementor-widget elementor-widget-heading\" data-id=\"ee1b826\" data-element_type=\"widget\" data-widget_type=\"heading.default\">\n\t\t\t\t<div class=\"elementor-widget-container\">\n\t\t\t\t\t<h1 class=\"elementor-heading-title elementor-size-default\">Galer\u00eda de im\u00e1genes<\/h1>\t\t\t\t<\/div>\n\t\t\t\t<\/div>\n\t\t\t\t\t<\/div>\n\t\t<\/div>\n\t\t\t\t\t<\/div>\n\t\t<\/section>\n\t\t\t\t<section class=\"elementor-section elementor-top-section elementor-element elementor-element-0165bf0 elementor-section-boxed elementor-section-height-default elementor-section-height-default wpr-particle-no wpr-jarallax-no wpr-parallax-no wpr-sticky-section-no wpr-column-slider-no wpr-equal-height-no\" data-id=\"0165bf0\" data-element_type=\"section\">\n\t\t\t\t\t\t<div class=\"elementor-container elementor-column-gap-default\">\n\t\t\t\t\t<div class=\"elementor-column elementor-col-100 elementor-top-column elementor-element elementor-element-c29f83a\" data-id=\"c29f83a\" data-element_type=\"column\">\n\t\t\t<div class=\"elementor-widget-wrap elementor-element-populated\">\n\t\t\t\t\t\t<div class=\"elementor-element elementor-element-ecd6963 elementor-widget elementor-widget-foogallery\" data-id=\"ecd6963\" data-element_type=\"widget\" data-widget_type=\"foogallery.default\">\n\t\t\t\t<div class=\"elementor-widget-container\">\n\t\t\t\t\t<style type=\"text\/css\">\n#foogallery-gallery-750.fg-justified .fg-item { margin-right: 2px; margin-bottom: 2px; }\n#foogallery-gallery-750.fg-justified .fg-image { height: 300px; }<\/style>\n\t\t\t<div class=\"foogallery foogallery-container foogallery-justified foogallery-lightbox-none fg-justified fg-ready fg-light fg-loading-pulse fg-loaded-slide-up fg-caption-always fg-hover-fade\" id=\"foogallery-gallery-750\" data-foogallery=\"{&quot;item&quot;:{&quot;showCaptionTitle&quot;:true,&quot;showCaptionDescription&quot;:false},&quot;lazy&quot;:true,&quot;template&quot;:{&quot;rowHeight&quot;:300,&quot;maxRowHeight&quot;:500,&quot;margins&quot;:2,&quot;align&quot;:&quot;center&quot;,&quot;lastRow&quot;:&quot;smart&quot;}}\" style=\"--fg-title-line-clamp: 0; --fg-description-line-clamp: 0;\" >\n\t<div class=\"fg-item fg-type-image fg-idle\"><figure class=\"fg-item-inner\"><a href=\"https:\/\/mitrateatro.com\/wp-content\/uploads\/2022\/09\/F73990769-scaled-e1674506523408.jpg\" data-attachment-id=\"753\" data-e-disable-page-transition=\"true\" data-type=\"image\" class=\"fg-thumb\"><span class=\"fg-image-wrap\"><img fetchpriority=\"high\" decoding=\"async\" height=\"500\" width=\"443\" class=\"skip-lazy fg-image\" data-src-fg=\"https:\/\/mitrateatro.com\/wp-content\/uploads\/cache\/2022\/09\/F73990769-scaled-e1674506523408\/1039279551.jpg\" src=\"data:image\/svg+xml,%3Csvg%20xmlns%3D%22http%3A%2F%2Fwww.w3.org%2F2000%2Fsvg%22%20width%3D%22443%22%20height%3D%22500%22%20viewBox%3D%220%200%20443%20500%22%3E%3C%2Fsvg%3E\" loading=\"eager\"><\/span><span class=\"fg-image-overlay\"><\/span><\/a><\/figure><div class=\"fg-loader\"><\/div><\/div><div class=\"fg-item fg-type-image fg-idle\"><figure class=\"fg-item-inner\"><a href=\"https:\/\/mitrateatro.com\/wp-content\/uploads\/2022\/09\/F73991377-scaled.jpg\" data-attachment-id=\"752\" data-e-disable-page-transition=\"true\" data-type=\"image\" class=\"fg-thumb\"><span class=\"fg-image-wrap\"><img decoding=\"async\" height=\"500\" width=\"750\" class=\"skip-lazy fg-image\" data-src-fg=\"https:\/\/mitrateatro.com\/wp-content\/uploads\/cache\/2022\/09\/F73991377-scaled\/1582572930.jpg\" src=\"data:image\/svg+xml,%3Csvg%20xmlns%3D%22http%3A%2F%2Fwww.w3.org%2F2000%2Fsvg%22%20width%3D%22750%22%20height%3D%22500%22%20viewBox%3D%220%200%20750%20500%22%3E%3C%2Fsvg%3E\" loading=\"eager\"><\/span><span class=\"fg-image-overlay\"><\/span><\/a><\/figure><div class=\"fg-loader\"><\/div><\/div><div class=\"fg-item fg-type-image fg-idle\"><figure class=\"fg-item-inner\"><a href=\"https:\/\/mitrateatro.com\/wp-content\/uploads\/2022\/09\/F73990902-scaled.jpg\" data-attachment-id=\"751\" data-e-disable-page-transition=\"true\" data-type=\"image\" class=\"fg-thumb\"><span class=\"fg-image-wrap\"><img decoding=\"async\" height=\"500\" width=\"500\" class=\"skip-lazy fg-image\" data-src-fg=\"https:\/\/mitrateatro.com\/wp-content\/uploads\/cache\/2022\/09\/F73990902-scaled\/1717086556.jpg\" src=\"data:image\/svg+xml,%3Csvg%20xmlns%3D%22http%3A%2F%2Fwww.w3.org%2F2000%2Fsvg%22%20width%3D%22500%22%20height%3D%22500%22%20viewBox%3D%220%200%20500%20500%22%3E%3C%2Fsvg%3E\" loading=\"eager\"><\/span><span class=\"fg-image-overlay\"><\/span><\/a><\/figure><div class=\"fg-loader\"><\/div><\/div><div class=\"fg-item fg-type-image fg-idle\"><figure class=\"fg-item-inner\"><a href=\"https:\/\/mitrateatro.com\/wp-content\/uploads\/2022\/09\/F73990598-scaled-e1674505693201.jpg\" data-attachment-id=\"754\" data-e-disable-page-transition=\"true\" data-type=\"image\" class=\"fg-thumb\"><span class=\"fg-image-wrap\"><img decoding=\"async\" height=\"500\" width=\"365\" class=\"skip-lazy fg-image\" data-src-fg=\"https:\/\/mitrateatro.com\/wp-content\/uploads\/cache\/2022\/09\/F73990598-scaled-e1674505693201\/2040426782.jpg\" src=\"data:image\/svg+xml,%3Csvg%20xmlns%3D%22http%3A%2F%2Fwww.w3.org%2F2000%2Fsvg%22%20width%3D%22365%22%20height%3D%22500%22%20viewBox%3D%220%200%20365%20500%22%3E%3C%2Fsvg%3E\" loading=\"eager\"><\/span><span class=\"fg-image-overlay\"><\/span><\/a><\/figure><div class=\"fg-loader\"><\/div><\/div><div class=\"fg-item fg-type-image fg-idle\"><figure class=\"fg-item-inner\"><a href=\"https:\/\/mitrateatro.com\/wp-content\/uploads\/2022\/09\/F73990112-scaled.jpg\" data-attachment-id=\"761\" data-e-disable-page-transition=\"true\" data-type=\"image\" class=\"fg-thumb\"><span class=\"fg-image-wrap\"><img decoding=\"async\" height=\"500\" width=\"1000\" class=\"skip-lazy fg-image\" data-src-fg=\"https:\/\/mitrateatro.com\/wp-content\/uploads\/cache\/2022\/09\/F73990112-scaled\/3504300166.jpg\" src=\"data:image\/svg+xml,%3Csvg%20xmlns%3D%22http%3A%2F%2Fwww.w3.org%2F2000%2Fsvg%22%20width%3D%221000%22%20height%3D%22500%22%20viewBox%3D%220%200%201000%20500%22%3E%3C%2Fsvg%3E\" loading=\"eager\"><\/span><span class=\"fg-image-overlay\"><\/span><\/a><\/figure><div class=\"fg-loader\"><\/div><\/div><\/div>\n\t\t\t\t<\/div>\n\t\t\t\t<\/div>\n\t\t\t\t\t<\/div>\n\t\t<\/div>\n\t\t\t\t\t<\/div>\n\t\t<\/section>\n\t\t\t\t<\/div>\n\t\t","protected":false},"excerpt":{"rendered":"<p>Cuerpos mutados Los humanos somos seres en constante cambio. Seg\u00fan algunos investigadores, los \u00e1tomos de nuestro cuerpo se renuevan completamente cada cinco a\u00f1os. Nuestra materialidad, nunca es estable, no es nuestra esencia, sino la mutaci\u00f3n. Nuestra mentalidad ilustrada nos empuja a fosilizar la condici\u00f3n humana, a construir identidades fijas y cuerpos inalterables. Los antiguos, sin embargo, entendieron mejor que nosotros la naturaleza como un torrente es constante movimiento. Cuerpos mutados no es un an\u00e1lisis sobre el cambio, sino un tributo a este. La obra nace como una reescritura de Las metamorfosis de Ovidio, reinterpretando algunos de sus pasajes desde diferentes lenguajes y ofreciendo una nueva visi\u00f3n, donde la mutaci\u00f3n se abre camino en los cuerpos. Ficha art\u00edstica Direcci\u00f3n: Markel Hern\u00e1ndez Texto y autor\u00eda: Claudia Villal\u00f3n, Julia de la Torre, Mayla Tapia, Paula Salamanca, Matilde Mart\u00ednez, Markel Hern\u00e1ndez, H\u00e9ctor Gonz\u00e1lez, Celia Ganado, Alejandro Castillo Ayudante de direcci\u00f3n y escenograf\u00eda: H\u00e9ctor Gonz\u00e1lez M\u00fasica: Paula Salamanca, Julia de la Torre Producido con ayuda de la Universidad de Granada Trailer Galer\u00eda de im\u00e1genes<\/p>\n","protected":false},"author":1,"featured_media":0,"parent":195,"menu_order":0,"comment_status":"closed","ping_status":"closed","template":"elementor_header_footer","meta":{"footnotes":""},"_links":{"self":[{"href":"https:\/\/mitrateatro.com\/index.php?rest_route=\/wp\/v2\/pages\/709"}],"collection":[{"href":"https:\/\/mitrateatro.com\/index.php?rest_route=\/wp\/v2\/pages"}],"about":[{"href":"https:\/\/mitrateatro.com\/index.php?rest_route=\/wp\/v2\/types\/page"}],"author":[{"embeddable":true,"href":"https:\/\/mitrateatro.com\/index.php?rest_route=\/wp\/v2\/users\/1"}],"replies":[{"embeddable":true,"href":"https:\/\/mitrateatro.com\/index.php?rest_route=%2Fwp%2Fv2%2Fcomments&post=709"}],"version-history":[{"count":61,"href":"https:\/\/mitrateatro.com\/index.php?rest_route=\/wp\/v2\/pages\/709\/revisions"}],"predecessor-version":[{"id":1963,"href":"https:\/\/mitrateatro.com\/index.php?rest_route=\/wp\/v2\/pages\/709\/revisions\/1963"}],"up":[{"embeddable":true,"href":"https:\/\/mitrateatro.com\/index.php?rest_route=\/wp\/v2\/pages\/195"}],"wp:attachment":[{"href":"https:\/\/mitrateatro.com\/index.php?rest_route=%2Fwp%2Fv2%2Fmedia&parent=709"}],"curies":[{"name":"wp","href":"https:\/\/api.w.org\/{rel}","templated":true}]}}