{"id":1357,"date":"2023-01-11T01:00:02","date_gmt":"2023-01-10T23:00:02","guid":{"rendered":"http:\/\/mitrateatro.com\/?page_id=1357"},"modified":"2023-01-23T22:30:05","modified_gmt":"2023-01-23T20:30:05","slug":"clo","status":"publish","type":"page","link":"https:\/\/mitrateatro.com\/?page_id=1357","title":{"rendered":"Clo"},"content":{"rendered":"\t\t<div data-elementor-type=\"wp-page\" data-elementor-id=\"1357\" class=\"elementor elementor-1357\">\n\t\t\t\t\t\t<section class=\"elementor-section elementor-top-section elementor-element elementor-element-6f5e690 elementor-section-boxed elementor-section-height-default elementor-section-height-default wpr-particle-no wpr-jarallax-no wpr-parallax-no wpr-sticky-section-no wpr-column-slider-no wpr-equal-height-no\" data-id=\"6f5e690\" data-element_type=\"section\" data-settings=\"{&quot;background_background&quot;:&quot;classic&quot;}\">\n\t\t\t\t\t\t<div class=\"elementor-container elementor-column-gap-default\">\n\t\t\t\t\t<div class=\"elementor-column elementor-col-100 elementor-top-column elementor-element elementor-element-ceb211b\" data-id=\"ceb211b\" data-element_type=\"column\">\n\t\t\t<div class=\"elementor-widget-wrap elementor-element-populated\">\n\t\t\t\t\t\t<div class=\"elementor-element elementor-element-c76d2ea elementor-widget elementor-widget-heading\" data-id=\"c76d2ea\" data-element_type=\"widget\" data-widget_type=\"heading.default\">\n\t\t\t\t<div class=\"elementor-widget-container\">\n\t\t\t\t\t<h2 class=\"elementor-heading-title elementor-size-default\">Claudia Castillo<\/h2>\t\t\t\t<\/div>\n\t\t\t\t<\/div>\n\t\t\t\t\t<\/div>\n\t\t<\/div>\n\t\t\t\t\t<\/div>\n\t\t<\/section>\n\t\t\t\t<section class=\"elementor-section elementor-top-section elementor-element elementor-element-bb422a4 elementor-section-boxed elementor-section-height-default elementor-section-height-default wpr-particle-no wpr-jarallax-no wpr-parallax-no wpr-sticky-section-no wpr-column-slider-no wpr-equal-height-no\" data-id=\"bb422a4\" data-element_type=\"section\">\n\t\t\t\t\t\t<div class=\"elementor-container elementor-column-gap-default\">\n\t\t\t\t\t<div class=\"elementor-column elementor-col-100 elementor-top-column elementor-element elementor-element-f4c839e\" data-id=\"f4c839e\" data-element_type=\"column\">\n\t\t\t<div class=\"elementor-widget-wrap elementor-element-populated\">\n\t\t\t\t\t\t<section class=\"elementor-section elementor-inner-section elementor-element elementor-element-ec6f946 elementor-section-boxed elementor-section-height-default elementor-section-height-default wpr-particle-no wpr-jarallax-no wpr-parallax-no wpr-sticky-section-no wpr-column-slider-no wpr-equal-height-no\" data-id=\"ec6f946\" data-element_type=\"section\">\n\t\t\t\t\t\t<div class=\"elementor-container elementor-column-gap-default\">\n\t\t\t\t\t<div class=\"elementor-column elementor-col-50 elementor-inner-column elementor-element elementor-element-d444f82\" data-id=\"d444f82\" data-element_type=\"column\">\n\t\t\t<div class=\"elementor-widget-wrap elementor-element-populated\">\n\t\t\t\t\t\t<div class=\"elementor-element elementor-element-eddb1c7 elementor-widget elementor-widget-text-editor\" data-id=\"eddb1c7\" data-element_type=\"widget\" data-widget_type=\"text-editor.default\">\n\t\t\t\t<div class=\"elementor-widget-container\">\n\t\t\t\t\t\t\t\t\t<p><a href=\"https:\/\/www.instagram.com\/esperpenta_\/\">@esperpenta_<\/a><\/p>\t\t\t\t\t\t\t\t<\/div>\n\t\t\t\t<\/div>\n\t\t\t\t<div class=\"elementor-element elementor-element-0a6c355 elementor-drop-cap-yes elementor-drop-cap-view-default elementor-widget elementor-widget-text-editor\" data-id=\"0a6c355\" data-element_type=\"widget\" data-settings=\"{&quot;drop_cap&quot;:&quot;yes&quot;}\" data-widget_type=\"text-editor.default\">\n\t\t\t\t<div class=\"elementor-widget-container\">\n\t\t\t\t\t\t\t\t\t<p>Actriz, locutora y fil\u00f3loga hisp\u00e1nica, pertenece a Mitra Teatro desde su fundaci\u00f3n, participando en todas sus obras:<em> La En\u00e9ada<\/em> (2019), <em>Panteros<\/em> (2021), <em>Cinco minutos, un metro cuadrado<\/em> (2021), <em>Pluto, una adaptaci\u00f3n de Arist\u00f3fanes <\/em>(2021) y <em>Cuerpos Mutados<\/em> (2022).\u00a0<\/p><p><span style=\"color: var( --e-global-color-text ); font-family: var( --e-global-typography-text-font-family ), Sans-serif; font-weight: var( --e-global-typography-text-font-weight ); font-size: 1rem;\">Claudia tambi\u00e9n ha trabajado en otros proyectos como actriz del curso Direcci\u00f3n Esc\u00e9nica y Dramaturgia del Centro de Formaci\u00f3n Esc\u00e9nica de Andaluc\u00eda, en rutas teatralizadas, piezas de microteatro y performances y en montajes como <em>Hamlet Machine<\/em> (2022) o <em>El juego de la peste<\/em> (2022), adem\u00e1s de colaborar activamente en proyectos relacionados con la Escuela de Artes Esc\u00e9nicas La Estupenda, donde se form\u00f3 en Canto y T\u00e9cnica Vocal e Improvisaci\u00f3n Teatral.\u00a0<\/span><\/p><p>Tambi\u00e9n da clase de teatro y oposita, pero por eso no le pregunt\u00e9is que lo lleva regular.<\/p>\t\t\t\t\t\t\t\t<\/div>\n\t\t\t\t<\/div>\n\t\t\t\t\t<\/div>\n\t\t<\/div>\n\t\t\t\t<div class=\"elementor-column elementor-col-50 elementor-inner-column elementor-element elementor-element-7ea65db\" data-id=\"7ea65db\" data-element_type=\"column\">\n\t\t\t<div class=\"elementor-widget-wrap elementor-element-populated\">\n\t\t\t\t\t\t<div class=\"elementor-element elementor-element-d7aa33c elementor-widget elementor-widget-foogallery\" data-id=\"d7aa33c\" data-element_type=\"widget\" data-widget_type=\"foogallery.default\">\n\t\t\t\t<div class=\"elementor-widget-container\">\n\t\t\t\t\t<style type=\"text\/css\">\n#foogallery-gallery-1402 .fg-image { width: 350px; }<\/style>\n\t\t\t<div class=\"foogallery foogallery-container foogallery-carousel foogallery-lightbox-none fg-carousel fg-ready fg-light fg-loading-pulse fg-loaded-fade-in fg-caption-hover fg-hover-fade\" id=\"foogallery-gallery-1402\" data-foogallery=\"{&quot;item&quot;:{&quot;showCaptionTitle&quot;:true,&quot;showCaptionDescription&quot;:true},&quot;lazy&quot;:true,&quot;template&quot;:{&quot;maxItems&quot;:3,&quot;scale&quot;:0.25,&quot;gutter&quot;:{&quot;min&quot;:-40,&quot;max&quot;:-20,&quot;unit&quot;:&quot;%&quot;},&quot;autoplay&quot;:{&quot;time&quot;:5,&quot;interaction&quot;:&quot;pause&quot;},&quot;centerOnClick&quot;:true,&quot;align&quot;:&quot;center&quot;,&quot;activePosition&quot;:&quot;center&quot;}}\" style=\"--fg-title-line-clamp: 0; --fg-description-line-clamp: 0;\" >\n\t<button type=\"button\" class=\"fg-carousel-prev\" title=\"Anterior\"><\/button>\n\t<div class=\"fg-carousel-inner\">\n\t\t<div class=\"fg-carousel-center\"><\/div>\n\t\t<div class=\"fg-item fg-type-image fg-idle\"><figure class=\"fg-item-inner\"><a href=\"https:\/\/mitrateatro.com\/wp-content\/uploads\/2023\/01\/13.jpg\" data-attachment-id=\"1430\" data-e-disable-page-transition=\"true\" data-type=\"image\" class=\"fg-thumb\"><span class=\"fg-image-wrap\"><img fetchpriority=\"high\" decoding=\"async\" width=\"350\" height=\"500\" class=\"skip-lazy fg-image\" data-src-fg=\"https:\/\/mitrateatro.com\/wp-content\/uploads\/cache\/2023\/01\/13\/1798399354.jpg\" src=\"data:image\/svg+xml,%3Csvg%20xmlns%3D%22http%3A%2F%2Fwww.w3.org%2F2000%2Fsvg%22%20width%3D%22350%22%20height%3D%22500%22%20viewBox%3D%220%200%20350%20500%22%3E%3C%2Fsvg%3E\" loading=\"eager\"><\/span><span class=\"fg-image-overlay\"><\/span><\/a><\/figure><div class=\"fg-loader\"><\/div><\/div><div class=\"fg-item fg-type-image fg-idle\"><figure class=\"fg-item-inner\"><a href=\"https:\/\/mitrateatro.com\/wp-content\/uploads\/2023\/01\/MitraTeatro_AMM_86-scaled-e1674505665662.jpg\" data-attachment-id=\"1431\" data-e-disable-page-transition=\"true\" data-type=\"image\" class=\"fg-thumb\"><span class=\"fg-image-wrap\"><img decoding=\"async\" width=\"350\" height=\"500\" class=\"skip-lazy fg-image\" data-src-fg=\"https:\/\/mitrateatro.com\/wp-content\/uploads\/cache\/2023\/01\/MitraTeatro_AMM_86-scaled-e1674505665662\/1503137536.jpg\" src=\"data:image\/svg+xml,%3Csvg%20xmlns%3D%22http%3A%2F%2Fwww.w3.org%2F2000%2Fsvg%22%20width%3D%22350%22%20height%3D%22500%22%20viewBox%3D%220%200%20350%20500%22%3E%3C%2Fsvg%3E\" loading=\"eager\"><\/span><span class=\"fg-image-overlay\"><\/span><\/a><\/figure><div class=\"fg-loader\"><\/div><\/div><div class=\"fg-item fg-type-image fg-idle\"><figure class=\"fg-item-inner\"><a href=\"https:\/\/mitrateatro.com\/wp-content\/uploads\/2022\/09\/F73990598-scaled-e1674505693201.jpg\" data-attachment-id=\"754\" data-e-disable-page-transition=\"true\" data-type=\"image\" class=\"fg-thumb\"><span class=\"fg-image-wrap\"><img decoding=\"async\" width=\"350\" height=\"500\" class=\"skip-lazy fg-image\" data-src-fg=\"https:\/\/mitrateatro.com\/wp-content\/uploads\/cache\/2022\/09\/F73990598-scaled-e1674505693201\/3926447440.jpg\" src=\"data:image\/svg+xml,%3Csvg%20xmlns%3D%22http%3A%2F%2Fwww.w3.org%2F2000%2Fsvg%22%20width%3D%22350%22%20height%3D%22500%22%20viewBox%3D%220%200%20350%20500%22%3E%3C%2Fsvg%3E\" loading=\"eager\"><\/span><span class=\"fg-image-overlay\"><\/span><\/a><\/figure><div class=\"fg-loader\"><\/div><\/div><div class=\"fg-item fg-type-image fg-idle\"><figure class=\"fg-item-inner\"><a href=\"https:\/\/mitrateatro.com\/wp-content\/uploads\/2023\/01\/IMG_0095-scaled-e1674505764655.jpg\" data-attachment-id=\"1432\" data-e-disable-page-transition=\"true\" data-type=\"image\" class=\"fg-thumb\"><span class=\"fg-image-wrap\"><img decoding=\"async\" width=\"350\" height=\"500\" class=\"skip-lazy fg-image\" data-src-fg=\"https:\/\/mitrateatro.com\/wp-content\/uploads\/cache\/2023\/01\/IMG_0095-scaled-e1674505764655\/4061930176.jpg\" src=\"data:image\/svg+xml,%3Csvg%20xmlns%3D%22http%3A%2F%2Fwww.w3.org%2F2000%2Fsvg%22%20width%3D%22350%22%20height%3D%22500%22%20viewBox%3D%220%200%20350%20500%22%3E%3C%2Fsvg%3E\" loading=\"eager\"><\/span><span class=\"fg-image-overlay\"><\/span><\/a><\/figure><div class=\"fg-loader\"><\/div><\/div>\t<\/div>\n\t<div class=\"fg-carousel-bottom\"><\/div>\n\t<div class=\"fg-carousel-progress\"><\/div>\n\t<button type=\"button\" class=\"fg-carousel-next\" title=\"Siguiente\"><\/button>\n<\/div>\t\t\t\t<\/div>\n\t\t\t\t<\/div>\n\t\t\t\t\t<\/div>\n\t\t<\/div>\n\t\t\t\t\t<\/div>\n\t\t<\/section>\n\t\t\t\t\t<\/div>\n\t\t<\/div>\n\t\t\t\t\t<\/div>\n\t\t<\/section>\n\t\t\t\t<\/div>\n\t\t","protected":false},"excerpt":{"rendered":"<p>Claudia Castillo @esperpenta_ Actriz, locutora y fil\u00f3loga hisp\u00e1nica, pertenece a Mitra Teatro desde su fundaci\u00f3n, participando en todas sus obras: La En\u00e9ada (2019), Panteros (2021), Cinco minutos, un metro cuadrado (2021), Pluto, una adaptaci\u00f3n de Arist\u00f3fanes (2021) y Cuerpos Mutados (2022).\u00a0 Claudia tambi\u00e9n ha trabajado en otros proyectos como actriz del curso Direcci\u00f3n Esc\u00e9nica y Dramaturgia del Centro de Formaci\u00f3n Esc\u00e9nica de Andaluc\u00eda, en rutas teatralizadas, piezas de microteatro y performances y en montajes como Hamlet Machine (2022) o El juego de la peste (2022), adem\u00e1s de colaborar activamente en proyectos relacionados con la Escuela de Artes Esc\u00e9nicas La Estupenda, donde se form\u00f3 en Canto y T\u00e9cnica Vocal e Improvisaci\u00f3n Teatral.\u00a0 Tambi\u00e9n da clase de teatro y oposita, pero por eso no le pregunt\u00e9is que lo lleva regular.<\/p>\n","protected":false},"author":1,"featured_media":0,"parent":195,"menu_order":0,"comment_status":"closed","ping_status":"closed","template":"elementor_header_footer","meta":{"footnotes":""},"_links":{"self":[{"href":"https:\/\/mitrateatro.com\/index.php?rest_route=\/wp\/v2\/pages\/1357"}],"collection":[{"href":"https:\/\/mitrateatro.com\/index.php?rest_route=\/wp\/v2\/pages"}],"about":[{"href":"https:\/\/mitrateatro.com\/index.php?rest_route=\/wp\/v2\/types\/page"}],"author":[{"embeddable":true,"href":"https:\/\/mitrateatro.com\/index.php?rest_route=\/wp\/v2\/users\/1"}],"replies":[{"embeddable":true,"href":"https:\/\/mitrateatro.com\/index.php?rest_route=%2Fwp%2Fv2%2Fcomments&post=1357"}],"version-history":[{"count":10,"href":"https:\/\/mitrateatro.com\/index.php?rest_route=\/wp\/v2\/pages\/1357\/revisions"}],"predecessor-version":[{"id":1435,"href":"https:\/\/mitrateatro.com\/index.php?rest_route=\/wp\/v2\/pages\/1357\/revisions\/1435"}],"up":[{"embeddable":true,"href":"https:\/\/mitrateatro.com\/index.php?rest_route=\/wp\/v2\/pages\/195"}],"wp:attachment":[{"href":"https:\/\/mitrateatro.com\/index.php?rest_route=%2Fwp%2Fv2%2Fmedia&parent=1357"}],"curies":[{"name":"wp","href":"https:\/\/api.w.org\/{rel}","templated":true}]}}