{"id":1305,"date":"2022-12-21T17:50:03","date_gmt":"2022-12-21T15:50:03","guid":{"rendered":"http:\/\/mitrateatro.com\/?page_id=1305"},"modified":"2023-03-25T12:36:39","modified_gmt":"2023-03-25T10:36:39","slug":"markel-2","status":"publish","type":"page","link":"https:\/\/mitrateatro.com\/?page_id=1305","title":{"rendered":"Markel"},"content":{"rendered":"\t\t<div data-elementor-type=\"wp-page\" data-elementor-id=\"1305\" class=\"elementor elementor-1305\">\n\t\t\t\t\t\t<section class=\"elementor-section elementor-top-section elementor-element elementor-element-6f5e690 elementor-section-boxed elementor-section-height-default elementor-section-height-default wpr-particle-no wpr-jarallax-no wpr-parallax-no wpr-sticky-section-no wpr-column-slider-no wpr-equal-height-no\" data-id=\"6f5e690\" data-element_type=\"section\" data-settings=\"{&quot;background_background&quot;:&quot;classic&quot;}\">\n\t\t\t\t\t\t<div class=\"elementor-container elementor-column-gap-default\">\n\t\t\t\t\t<div class=\"elementor-column elementor-col-100 elementor-top-column elementor-element elementor-element-ceb211b\" data-id=\"ceb211b\" data-element_type=\"column\">\n\t\t\t<div class=\"elementor-widget-wrap elementor-element-populated\">\n\t\t\t\t\t\t<div class=\"elementor-element elementor-element-c76d2ea elementor-widget elementor-widget-heading\" data-id=\"c76d2ea\" data-element_type=\"widget\" data-widget_type=\"heading.default\">\n\t\t\t\t<div class=\"elementor-widget-container\">\n\t\t\t\t\t<h2 class=\"elementor-heading-title elementor-size-default\">Markel Hern\u00e1ndez<\/h2>\t\t\t\t<\/div>\n\t\t\t\t<\/div>\n\t\t\t\t\t<\/div>\n\t\t<\/div>\n\t\t\t\t\t<\/div>\n\t\t<\/section>\n\t\t\t\t<section class=\"elementor-section elementor-top-section elementor-element elementor-element-bb422a4 elementor-section-boxed elementor-section-height-default elementor-section-height-default wpr-particle-no wpr-jarallax-no wpr-parallax-no wpr-sticky-section-no wpr-column-slider-no wpr-equal-height-no\" data-id=\"bb422a4\" data-element_type=\"section\">\n\t\t\t\t\t\t<div class=\"elementor-container elementor-column-gap-default\">\n\t\t\t\t\t<div class=\"elementor-column elementor-col-100 elementor-top-column elementor-element elementor-element-f4c839e\" data-id=\"f4c839e\" data-element_type=\"column\">\n\t\t\t<div class=\"elementor-widget-wrap elementor-element-populated\">\n\t\t\t\t\t\t<section class=\"elementor-section elementor-inner-section elementor-element elementor-element-ec6f946 elementor-section-boxed elementor-section-height-default elementor-section-height-default wpr-particle-no wpr-jarallax-no wpr-parallax-no wpr-sticky-section-no wpr-column-slider-no wpr-equal-height-no\" data-id=\"ec6f946\" data-element_type=\"section\">\n\t\t\t\t\t\t<div class=\"elementor-container elementor-column-gap-default\">\n\t\t\t\t\t<div class=\"elementor-column elementor-col-50 elementor-inner-column elementor-element elementor-element-d444f82\" data-id=\"d444f82\" data-element_type=\"column\">\n\t\t\t<div class=\"elementor-widget-wrap elementor-element-populated\">\n\t\t\t\t\t\t<div class=\"elementor-element elementor-element-eddb1c7 elementor-widget elementor-widget-text-editor\" data-id=\"eddb1c7\" data-element_type=\"widget\" data-widget_type=\"text-editor.default\">\n\t\t\t\t<div class=\"elementor-widget-container\">\n\t\t\t\t\t\t\t\t\t<p><a href=\"https:\/\/www.instagram.com\/hernandezmarkel\/\">@hernandezmarkel<\/a><\/p>\t\t\t\t\t\t\t\t<\/div>\n\t\t\t\t<\/div>\n\t\t\t\t<div class=\"elementor-element elementor-element-0a6c355 elementor-drop-cap-yes elementor-drop-cap-view-default elementor-widget elementor-widget-text-editor\" data-id=\"0a6c355\" data-element_type=\"widget\" data-settings=\"{&quot;drop_cap&quot;:&quot;yes&quot;}\" data-widget_type=\"text-editor.default\">\n\t\t\t\t<div class=\"elementor-widget-container\">\n\t\t\t\t\t\t\t\t\t<p><span class=\"elementor-drop-cap\"><span class=\"elementor-drop-cap-letter\">S<\/span><\/span>e form\u00f3 como actor con Electra Teatro de Salamanca y el Aula de Teatro de la Universidad de Granada, adem\u00e1s de colaborar con otras compa\u00f1\u00edas. Ha escrito para el teatro <em>Tab\u00fa: las cosas que nunca dijimos<\/em> (III Premio de Microteatro de La Malhablada, 2017),<em> Las voces pervertidas<\/em> (Salamanca, 2019), <em>Como si fuera una obra de teatro<\/em> (Granada, 2020), <em>Vivir de alquiler<\/em> (LV Premio de Literatura Dram\u00e1tica Kutxa Ciudad de San Sebasti\u00e1n, Algaida, 2020), <em>El orden natural<\/em> (IX Laboratorio de Escritura Teatral, Fundaci\u00f3n SGAE, 2022), <em>\u00c1ngel con grandes alas de cadenas<\/em> (Bilbao, 2022), <em>Marilluvia<\/em> (Bilbao, 2022), <em>Esperanto<\/em> (<em>El tama\u00f1o no importa, teatro breve juvenil<\/em> 12, Ant\u00edgona, 2022) y <em>Muro de piedra<\/em> (VI Programa Nuevas Dramaturgias de Donostia Kultura). Ha dirigido <em>Cuerpos mutados <\/em>de Mitra Teatro (Granada, 2022). Tambi\u00e9n ha publicado el poemario <em>Restos arqueol\u00f3gicos<\/em> (Isla Elefanta, 2023).&nbsp;<span style=\"color: var( --e-global-color-text ); font-family: var( --e-global-typography-text-font-family ), Sans-serif; font-weight: var( --e-global-typography-text-font-weight ); font-size: 1rem;\">Tambi\u00e9n le gustan las croquetas.<\/span><\/p>\t\t\t\t\t\t\t\t<\/div>\n\t\t\t\t<\/div>\n\t\t\t\t\t<\/div>\n\t\t<\/div>\n\t\t\t\t<div class=\"elementor-column elementor-col-50 elementor-inner-column elementor-element elementor-element-7ea65db\" data-id=\"7ea65db\" data-element_type=\"column\">\n\t\t\t<div class=\"elementor-widget-wrap elementor-element-populated\">\n\t\t\t\t\t\t<div class=\"elementor-element elementor-element-d7aa33c elementor-widget elementor-widget-foogallery\" data-id=\"d7aa33c\" data-element_type=\"widget\" data-widget_type=\"foogallery.default\">\n\t\t\t\t<div class=\"elementor-widget-container\">\n\t\t\t\t\t<style type=\"text\/css\">\n#foogallery-gallery-1310 .fg-image { width: 350px; }<\/style>\n\t\t\t<div class=\"foogallery foogallery-container foogallery-carousel foogallery-lightbox-none fg-carousel fg-ready fg-light fg-loading-pulse fg-loaded-fade-in fg-caption-hover fg-hover-fade\" id=\"foogallery-gallery-1310\" data-foogallery=\"{&quot;item&quot;:{&quot;showCaptionTitle&quot;:true,&quot;showCaptionDescription&quot;:true},&quot;lazy&quot;:true,&quot;template&quot;:{&quot;maxItems&quot;:3,&quot;scale&quot;:0.25,&quot;gutter&quot;:{&quot;min&quot;:-40,&quot;max&quot;:-20,&quot;unit&quot;:&quot;%&quot;},&quot;autoplay&quot;:{&quot;time&quot;:5,&quot;interaction&quot;:&quot;pause&quot;},&quot;centerOnClick&quot;:true,&quot;align&quot;:&quot;center&quot;,&quot;activePosition&quot;:&quot;center&quot;}}\" style=\"--fg-title-line-clamp: 0; --fg-description-line-clamp: 0;\" >\n\t<button type=\"button\" class=\"fg-carousel-prev\" title=\"Anterior\"><\/button>\n\t<div class=\"fg-carousel-inner\">\n\t\t<div class=\"fg-carousel-center\"><\/div>\n\t\t<div class=\"fg-item fg-type-image fg-idle\"><figure class=\"fg-item-inner\"><a href=\"https:\/\/mitrateatro.com\/wp-content\/uploads\/2022\/12\/DSC01180-scaled.jpg\" data-attachment-id=\"1540\" data-e-disable-page-transition=\"true\" data-type=\"image\" class=\"fg-thumb\"><span class=\"fg-image-wrap\"><img fetchpriority=\"high\" decoding=\"async\" width=\"350\" height=\"500\" class=\"skip-lazy fg-image\" data-src-fg=\"https:\/\/mitrateatro.com\/wp-content\/uploads\/cache\/2022\/12\/DSC01180-scaled\/3986661793.jpg\" src=\"data:image\/svg+xml,%3Csvg%20xmlns%3D%22http%3A%2F%2Fwww.w3.org%2F2000%2Fsvg%22%20width%3D%22350%22%20height%3D%22500%22%20viewBox%3D%220%200%20350%20500%22%3E%3C%2Fsvg%3E\" loading=\"eager\"><\/span><span class=\"fg-image-overlay\"><\/span><\/a><\/figure><div class=\"fg-loader\"><\/div><\/div><div class=\"fg-item fg-type-image fg-idle\"><figure class=\"fg-item-inner\"><a href=\"https:\/\/mitrateatro.com\/wp-content\/uploads\/2022\/12\/DSC01183-scaled.jpg\" data-attachment-id=\"1541\" data-e-disable-page-transition=\"true\" data-type=\"image\" class=\"fg-thumb\"><span class=\"fg-image-wrap\"><img decoding=\"async\" width=\"350\" height=\"500\" class=\"skip-lazy fg-image\" data-src-fg=\"https:\/\/mitrateatro.com\/wp-content\/uploads\/cache\/2022\/12\/DSC01183-scaled\/1447733830.jpg\" src=\"data:image\/svg+xml,%3Csvg%20xmlns%3D%22http%3A%2F%2Fwww.w3.org%2F2000%2Fsvg%22%20width%3D%22350%22%20height%3D%22500%22%20viewBox%3D%220%200%20350%20500%22%3E%3C%2Fsvg%3E\" loading=\"eager\"><\/span><span class=\"fg-image-overlay\"><\/span><\/a><\/figure><div class=\"fg-loader\"><\/div><\/div><div class=\"fg-item fg-type-image fg-idle\"><figure class=\"fg-item-inner\"><a href=\"https:\/\/mitrateatro.com\/wp-content\/uploads\/2023\/06\/DSC06045-scaled.jpg\" data-attachment-id=\"1710\" data-e-disable-page-transition=\"true\" data-type=\"image\" class=\"fg-thumb\"><span class=\"fg-image-wrap\"><img decoding=\"async\" width=\"350\" height=\"500\" class=\"skip-lazy fg-image\" data-src-fg=\"https:\/\/mitrateatro.com\/wp-content\/uploads\/cache\/2023\/06\/DSC06045-scaled\/4150563426.jpg\" src=\"data:image\/svg+xml,%3Csvg%20xmlns%3D%22http%3A%2F%2Fwww.w3.org%2F2000%2Fsvg%22%20width%3D%22350%22%20height%3D%22500%22%20viewBox%3D%220%200%20350%20500%22%3E%3C%2Fsvg%3E\" loading=\"eager\"><\/span><span class=\"fg-image-overlay\"><\/span><\/a><\/figure><div class=\"fg-loader\"><\/div><\/div>\t<\/div>\n\t<div class=\"fg-carousel-bottom\"><\/div>\n\t<div class=\"fg-carousel-progress\"><\/div>\n\t<button type=\"button\" class=\"fg-carousel-next\" title=\"Siguiente\"><\/button>\n<\/div>\t\t\t\t<\/div>\n\t\t\t\t<\/div>\n\t\t\t\t\t<\/div>\n\t\t<\/div>\n\t\t\t\t\t<\/div>\n\t\t<\/section>\n\t\t\t\t\t<\/div>\n\t\t<\/div>\n\t\t\t\t\t<\/div>\n\t\t<\/section>\n\t\t\t\t<\/div>\n\t\t","protected":false},"excerpt":{"rendered":"<p>Markel Hern\u00e1ndez @hernandezmarkel Se form\u00f3 como actor con Electra Teatro de Salamanca y el Aula de Teatro de la Universidad de Granada, adem\u00e1s de colaborar con otras compa\u00f1\u00edas. Ha escrito para el teatro Tab\u00fa: las cosas que nunca dijimos (III Premio de Microteatro de La Malhablada, 2017), Las voces pervertidas (Salamanca, 2019), Como si fuera una obra de teatro (Granada, 2020), Vivir de alquiler (LV Premio de Literatura Dram\u00e1tica Kutxa Ciudad de San Sebasti\u00e1n, Algaida, 2020), El orden natural (IX Laboratorio de Escritura Teatral, Fundaci\u00f3n SGAE, 2022), \u00c1ngel con grandes alas de cadenas (Bilbao, 2022), Marilluvia (Bilbao, 2022), Esperanto (El tama\u00f1o no importa, teatro breve juvenil 12, Ant\u00edgona, 2022) y Muro de piedra (VI Programa Nuevas Dramaturgias de Donostia Kultura). Ha dirigido Cuerpos mutados de Mitra Teatro (Granada, 2022). Tambi\u00e9n ha publicado el poemario Restos arqueol\u00f3gicos (Isla Elefanta, 2023).&nbsp;Tambi\u00e9n le gustan las croquetas.<\/p>\n","protected":false},"author":1,"featured_media":0,"parent":195,"menu_order":0,"comment_status":"closed","ping_status":"closed","template":"elementor_header_footer","meta":{"footnotes":""},"_links":{"self":[{"href":"https:\/\/mitrateatro.com\/index.php?rest_route=\/wp\/v2\/pages\/1305"}],"collection":[{"href":"https:\/\/mitrateatro.com\/index.php?rest_route=\/wp\/v2\/pages"}],"about":[{"href":"https:\/\/mitrateatro.com\/index.php?rest_route=\/wp\/v2\/types\/page"}],"author":[{"embeddable":true,"href":"https:\/\/mitrateatro.com\/index.php?rest_route=\/wp\/v2\/users\/1"}],"replies":[{"embeddable":true,"href":"https:\/\/mitrateatro.com\/index.php?rest_route=%2Fwp%2Fv2%2Fcomments&post=1305"}],"version-history":[{"count":19,"href":"https:\/\/mitrateatro.com\/index.php?rest_route=\/wp\/v2\/pages\/1305\/revisions"}],"predecessor-version":[{"id":1553,"href":"https:\/\/mitrateatro.com\/index.php?rest_route=\/wp\/v2\/pages\/1305\/revisions\/1553"}],"up":[{"embeddable":true,"href":"https:\/\/mitrateatro.com\/index.php?rest_route=\/wp\/v2\/pages\/195"}],"wp:attachment":[{"href":"https:\/\/mitrateatro.com\/index.php?rest_route=%2Fwp%2Fv2%2Fmedia&parent=1305"}],"curies":[{"name":"wp","href":"https:\/\/api.w.org\/{rel}","templated":true}]}}